{"id":3571,"date":"2024-04-30T10:11:17","date_gmt":"2024-04-30T10:11:17","guid":{"rendered":"https:\/\/lmintelligence.com\/?page_id=3571"},"modified":"2024-05-27T11:12:59","modified_gmt":"2024-05-27T11:12:59","slug":"privacy","status":"publish","type":"page","link":"https:\/\/lmintelligence.com\/en\/privacy\/","title":{"rendered":"Privacy Policy"},"content":{"rendered":"<h2 class=\"wp-block-heading\">Privacy Policy<\/h2>\n\n\n\n<p><strong>1. Introduction<\/strong><\/p>\n\n\n\n<p>Welcome to the Google Docs Add-on for creating legal document templates (\u201cAdd-on\u201d), developed by Legal Machine Intelligence (\u201cWe\u201d, \u201cUs\u201d, \u201cOur\u201d). This Privacy Policy is intended to inform you about how we collect, use, and share personal information through our Add-on. By using our Add-on, you consent to the use of your information in accordance with this Privacy Policy.<\/p>\n\n\n\n<p><strong>2. Information We Collect<\/strong><\/p>\n\n\n\n<p class=\"translation-block\">a. <strong>User Provided Information<\/strong>: We collect personal information that you provide when registering and using our Plugin, such as your name, email address, and other data relevant to the creation of legal documents.<\/p>\n\n\n\n<p class=\"translation-block\">b. <strong>Usage and Access Data<\/strong>: When you use our Plugin, we collect information about how and when you access our tools, including interface and feature interaction data.<\/p>\n\n\n\n<p><strong>3. Use of Information<\/strong><\/p>\n\n\n\n<p>Utilizamos la informaci\u00f3n recopilada para proporcionar, mantener, y mejorar nuestro Complemento, as\u00ed como para:<\/p>\n\n\n\n<ul class=\"wp-block-list\">\n<li>Send communications related to your use of the Add-on, including confirmations, invoices, technical notices, updates, security alerts, and support and administrative messages.<\/li>\n\n\n\n<li>Communicate promotions, upcoming events and other news about products offered by us and our selected affiliates.<\/li>\n<\/ul>\n\n\n\n<p><strong>4. Sharing Personal Information<\/strong><\/p>\n\n\n\n<p>We do not sell or rent personal information to third parties for their marketing purposes without your explicit consent. We may share personal information with:<\/p>\n\n\n\n<ul class=\"wp-block-list\">\n<li>Service providers who work on our behalf and who have agreed to use the information only to help us provide our Add-on.<\/li>\n\n\n\n<li>Legal entities, to comply with the law, conduct investigations of potential violations, or protect against harm to the rights, property or safety of ours, our users or the public as required or permitted by law.<\/li>\n<\/ul>\n\n\n\n<p><strong>5. Information Security<\/strong><\/p>\n\n\n\n<p>We take reasonable steps to help protect your personal information from loss, theft, misuse and unauthorized access, disclosure, alteration and destruction.<\/p>\n\n\n\n<p><strong>6. Your Rights<\/strong><\/p>\n\n\n\n<p>You have the right to access, correct, or erase your personal information, as well as the right to restrict and object to certain processing of your information. These rights can be exercised by sending a request to our contact provided below.<\/p>\n\n\n\n<p><strong>7. Changes to this Privacy Policy<\/strong><\/p>\n\n\n\n<p>We may modify this Privacy Policy from time to time. The most recent version will govern our use of your information and will always be available on our Add-on. We will notify you of any significant changes by means of a notice on our Add-on or by other means, such as an email.<\/p>\n\n\n\n<p><strong>8. Contact<\/strong><\/p>\n\n\n\n<p>If you have questions or concerns about this Privacy Policy, please contact us at info@lmintelligence.com.<\/p>","protected":false},"excerpt":{"rendered":"<p>Pol\u00edtica de Privacidad 1. Introducci\u00f3n Bienvenido al complemento de Google Docs para la creaci\u00f3n de plantillas de documentos legales (\u00abComplemento\u00bb), desarrollado por Legal Machine Intelligence (\u00abNosotros\u00bb, \u00abNuestro\u00bb). Esta Pol\u00edtica de Privacidad tiene como objetivo informarle acerca de c\u00f3mo recopilamos, usamos, y compartimos informaci\u00f3n personal a trav\u00e9s de nuestro Complemento. Al utilizar nuestro Complemento, usted consiente&#8230;<\/p>","protected":false},"author":1,"featured_media":0,"parent":0,"menu_order":0,"comment_status":"closed","ping_status":"closed","template":"","meta":{"_monsterinsights_skip_tracking":false,"_monsterinsights_sitenote_active":false,"_monsterinsights_sitenote_note":"","_monsterinsights_sitenote_category":0,"_kad_post_transparent":"","_kad_post_title":"","_kad_post_layout":"","_kad_post_sidebar_id":"","_kad_post_content_style":"","_kad_post_vertical_padding":"","_kad_post_feature":"","_kad_post_feature_position":"","_kad_post_header":false,"_kad_post_footer":false,"_kad_post_classname":"","footnotes":""},"class_list":["post-3571","page","type-page","status-publish","hentry"],"yoast_head":"<!-- This site is optimized with the Yoast SEO plugin v27.4 - https:\/\/yoast.com\/product\/yoast-seo-wordpress\/ -->\n<title>Pol\u00edtica de privacidad - Legal Machine Intelligence<\/title>\n<meta name=\"robots\" content=\"index, follow, max-snippet:-1, max-image-preview:large, max-video-preview:-1\" \/>\n<link rel=\"canonical\" href=\"https:\/\/lmintelligence.com\/en\/privacy\/\" \/>\n<meta property=\"og:locale\" content=\"en_US\" \/>\n<meta property=\"og:type\" content=\"article\" \/>\n<meta property=\"og:title\" content=\"Pol\u00edtica de privacidad - Legal Machine Intelligence\" \/>\n<meta property=\"og:description\" content=\"Pol\u00edtica de Privacidad 1. Introducci\u00f3n Bienvenido al complemento de Google Docs para la creaci\u00f3n de plantillas de documentos legales (\u00abComplemento\u00bb), desarrollado por Legal Machine Intelligence (\u00abNosotros\u00bb, \u00abNuestro\u00bb). Esta Pol\u00edtica de Privacidad tiene como objetivo informarle acerca de c\u00f3mo recopilamos, usamos, y compartimos informaci\u00f3n personal a trav\u00e9s de nuestro Complemento. Al utilizar nuestro Complemento, usted consiente...\" \/>\n<meta property=\"og:url\" content=\"https:\/\/lmintelligence.com\/en\/privacy\/\" \/>\n<meta property=\"og:site_name\" content=\"Legal Machine Intelligence\" \/>\n<meta property=\"article:modified_time\" content=\"2024-05-27T11:12:59+00:00\" \/>\n<meta name=\"twitter:card\" content=\"summary_large_image\" \/>\n<meta name=\"twitter:label1\" content=\"Est. reading time\" \/>\n\t<meta name=\"twitter:data1\" content=\"2 minutes\" \/>\n<script type=\"application\/ld+json\" class=\"yoast-schema-graph\">{\"@context\":\"https:\\\/\\\/schema.org\",\"@graph\":[{\"@type\":\"WebPage\",\"@id\":\"https:\\\/\\\/lmintelligence.com\\\/privacy\\\/\",\"url\":\"https:\\\/\\\/lmintelligence.com\\\/privacy\\\/\",\"name\":\"Pol\u00edtica de privacidad - Legal Machine Intelligence\",\"isPartOf\":{\"@id\":\"https:\\\/\\\/lmintelligence.com\\\/#website\"},\"datePublished\":\"2024-04-30T10:11:17+00:00\",\"dateModified\":\"2024-05-27T11:12:59+00:00\",\"breadcrumb\":{\"@id\":\"https:\\\/\\\/lmintelligence.com\\\/privacy\\\/#breadcrumb\"},\"inLanguage\":\"en-US\",\"potentialAction\":[{\"@type\":\"ReadAction\",\"target\":[\"https:\\\/\\\/lmintelligence.com\\\/privacy\\\/\"]}]},{\"@type\":\"BreadcrumbList\",\"@id\":\"https:\\\/\\\/lmintelligence.com\\\/privacy\\\/#breadcrumb\",\"itemListElement\":[{\"@type\":\"ListItem\",\"position\":1,\"name\":\"Home\",\"item\":\"https:\\\/\\\/lmintelligence.com\\\/\"},{\"@type\":\"ListItem\",\"position\":2,\"name\":\"Pol\u00edtica de privacidad\"}]},{\"@type\":\"WebSite\",\"@id\":\"https:\\\/\\\/lmintelligence.com\\\/#website\",\"url\":\"https:\\\/\\\/lmintelligence.com\\\/\",\"name\":\"Legal Machine Intelligence\",\"description\":\"Legal Automation Software\",\"publisher\":{\"@id\":\"https:\\\/\\\/lmintelligence.com\\\/#organization\"},\"potentialAction\":[{\"@type\":\"SearchAction\",\"target\":{\"@type\":\"EntryPoint\",\"urlTemplate\":\"https:\\\/\\\/lmintelligence.com\\\/?s={search_term_string}\"},\"query-input\":{\"@type\":\"PropertyValueSpecification\",\"valueRequired\":true,\"valueName\":\"search_term_string\"}}],\"inLanguage\":\"en-US\"},{\"@type\":\"Organization\",\"@id\":\"https:\\\/\\\/lmintelligence.com\\\/#organization\",\"name\":\"Legal Machine Intelligence\",\"url\":\"https:\\\/\\\/lmintelligence.com\\\/\",\"logo\":{\"@type\":\"ImageObject\",\"inLanguage\":\"en-US\",\"@id\":\"https:\\\/\\\/lmintelligence.com\\\/#\\\/schema\\\/logo\\\/image\\\/\",\"url\":\"https:\\\/\\\/lmintelligence.com\\\/wp-content\\\/uploads\\\/2024\\\/07\\\/LegalMachine_logo-05.png\",\"contentUrl\":\"https:\\\/\\\/lmintelligence.com\\\/wp-content\\\/uploads\\\/2024\\\/07\\\/LegalMachine_logo-05.png\",\"width\":601,\"height\":239,\"caption\":\"Legal Machine Intelligence\"},\"image\":{\"@id\":\"https:\\\/\\\/lmintelligence.com\\\/#\\\/schema\\\/logo\\\/image\\\/\"}}]}<\/script>\n<!-- \/ Yoast SEO plugin. -->","yoast_head_json":{"title":"Pol\u00edtica de privacidad - Legal Machine Intelligence","robots":{"index":"index","follow":"follow","max-snippet":"max-snippet:-1","max-image-preview":"max-image-preview:large","max-video-preview":"max-video-preview:-1"},"canonical":"https:\/\/lmintelligence.com\/en\/privacy\/","og_locale":"en_US","og_type":"article","og_title":"Pol\u00edtica de privacidad - Legal Machine Intelligence","og_description":"Pol\u00edtica de Privacidad 1. Introducci\u00f3n Bienvenido al complemento de Google Docs para la creaci\u00f3n de plantillas de documentos legales (\u00abComplemento\u00bb), desarrollado por Legal Machine Intelligence (\u00abNosotros\u00bb, \u00abNuestro\u00bb). Esta Pol\u00edtica de Privacidad tiene como objetivo informarle acerca de c\u00f3mo recopilamos, usamos, y compartimos informaci\u00f3n personal a trav\u00e9s de nuestro Complemento. Al utilizar nuestro Complemento, usted consiente...","og_url":"https:\/\/lmintelligence.com\/en\/privacy\/","og_site_name":"Legal Machine Intelligence","article_modified_time":"2024-05-27T11:12:59+00:00","twitter_card":"summary_large_image","twitter_misc":{"Est. reading time":"2 minutes"},"schema":{"@context":"https:\/\/schema.org","@graph":[{"@type":"WebPage","@id":"https:\/\/lmintelligence.com\/privacy\/","url":"https:\/\/lmintelligence.com\/privacy\/","name":"Pol\u00edtica de privacidad - Legal Machine Intelligence","isPartOf":{"@id":"https:\/\/lmintelligence.com\/#website"},"datePublished":"2024-04-30T10:11:17+00:00","dateModified":"2024-05-27T11:12:59+00:00","breadcrumb":{"@id":"https:\/\/lmintelligence.com\/privacy\/#breadcrumb"},"inLanguage":"en-US","potentialAction":[{"@type":"ReadAction","target":["https:\/\/lmintelligence.com\/privacy\/"]}]},{"@type":"BreadcrumbList","@id":"https:\/\/lmintelligence.com\/privacy\/#breadcrumb","itemListElement":[{"@type":"ListItem","position":1,"name":"Home","item":"https:\/\/lmintelligence.com\/"},{"@type":"ListItem","position":2,"name":"Pol\u00edtica de privacidad"}]},{"@type":"WebSite","@id":"https:\/\/lmintelligence.com\/#website","url":"https:\/\/lmintelligence.com\/","name":"Legal Machine Intelligence","description":"Legal Automation Software","publisher":{"@id":"https:\/\/lmintelligence.com\/#organization"},"potentialAction":[{"@type":"SearchAction","target":{"@type":"EntryPoint","urlTemplate":"https:\/\/lmintelligence.com\/?s={search_term_string}"},"query-input":{"@type":"PropertyValueSpecification","valueRequired":true,"valueName":"search_term_string"}}],"inLanguage":"en-US"},{"@type":"Organization","@id":"https:\/\/lmintelligence.com\/#organization","name":"Legal Machine Intelligence","url":"https:\/\/lmintelligence.com\/","logo":{"@type":"ImageObject","inLanguage":"en-US","@id":"https:\/\/lmintelligence.com\/#\/schema\/logo\/image\/","url":"https:\/\/lmintelligence.com\/wp-content\/uploads\/2024\/07\/LegalMachine_logo-05.png","contentUrl":"https:\/\/lmintelligence.com\/wp-content\/uploads\/2024\/07\/LegalMachine_logo-05.png","width":601,"height":239,"caption":"Legal Machine Intelligence"},"image":{"@id":"https:\/\/lmintelligence.com\/#\/schema\/logo\/image\/"}}]}},"_links":{"self":[{"href":"https:\/\/lmintelligence.com\/en\/wp-json\/wp\/v2\/pages\/3571","targetHints":{"allow":["GET"]}}],"collection":[{"href":"https:\/\/lmintelligence.com\/en\/wp-json\/wp\/v2\/pages"}],"about":[{"href":"https:\/\/lmintelligence.com\/en\/wp-json\/wp\/v2\/types\/page"}],"author":[{"embeddable":true,"href":"https:\/\/lmintelligence.com\/en\/wp-json\/wp\/v2\/users\/1"}],"replies":[{"embeddable":true,"href":"https:\/\/lmintelligence.com\/en\/wp-json\/wp\/v2\/comments?post=3571"}],"version-history":[{"count":3,"href":"https:\/\/lmintelligence.com\/en\/wp-json\/wp\/v2\/pages\/3571\/revisions"}],"predecessor-version":[{"id":3578,"href":"https:\/\/lmintelligence.com\/en\/wp-json\/wp\/v2\/pages\/3571\/revisions\/3578"}],"wp:attachment":[{"href":"https:\/\/lmintelligence.com\/en\/wp-json\/wp\/v2\/media?parent=3571"}],"curies":[{"name":"wp","href":"https:\/\/api.w.org\/{rel}","templated":true}]}}